{"id":9508,"date":"2025-08-05T03:27:31","date_gmt":"2025-08-05T03:27:31","guid":{"rendered":"https:\/\/investigacionciencia.com\/UNDC\/portal\/?page_id=9508"},"modified":"2026-03-17T20:16:03","modified_gmt":"2026-03-17T20:16:03","slug":"revistas-undc","status":"publish","type":"page","link":"https:\/\/revistas.undc.edu.pe\/inicio\/","title":{"rendered":"Revistas &#8211; UNDC"},"content":{"rendered":"\t\t<div data-elementor-type=\"wp-page\" data-elementor-id=\"9508\" class=\"elementor elementor-9508\" data-elementor-post-type=\"page\">\n\t\t\t\t        <section class=\"elementor-section elementor-top-section elementor-element elementor-element-455a644 elementor-section-stretched elementor-section-boxed elementor-section-height-default elementor-section-height-default ct-header-fixed-none header-none c1230-none c1350-none c1390-none c1450-none ct-column-none ct-row-scroll-none\" data-id=\"455a644\" data-element_type=\"section\" data-settings=\"{&quot;stretch_section&quot;:&quot;section-stretched&quot;,&quot;background_background&quot;:&quot;classic&quot;}\">\n            \n                        <div class=\"elementor-container elementor-column-gap-default \">\n                    <div class=\"elementor-column elementor-col-100 elementor-top-column elementor-element elementor-element-255087b ct-column-none col-offset-none\" data-id=\"255087b\" data-element_type=\"column\">\n        <div class=\"elementor-widget-wrap elementor-element-populated\">\n                    \n        \t\t<div class=\"elementor-element elementor-element-79573d3 elementor-widget elementor-widget-text-editor\" data-id=\"79573d3\" data-element_type=\"widget\" data-widget_type=\"text-editor.default\">\n\t\t\t\t\t\t\t\t\t<h1 class=\"col mx-auto mt-5 pt-2 pb-2 text-center px-4\" style=\"text-align: left;\">PORTAL DE <span class=\"sec-h1-span\">REVISTAS <mark style=\"color: #ffc107;\">UNDC<\/mark><\/span><\/h1><h4 style=\"text-align: left;\">Conoce nuestras revistas<\/h4>\t\t\t\t\t\t\t\t<\/div>\n\t\t            <\/div>\n        <\/div>\n                    <\/div>\n        <\/section>\n                <section class=\"elementor-section elementor-top-section elementor-element elementor-element-8d7252f elementor-section-stretched elementor-section-boxed elementor-section-height-default elementor-section-height-default ct-header-fixed-none header-none c1230-none c1350-none c1390-none c1450-none ct-column-none ct-row-scroll-none\" data-id=\"8d7252f\" data-element_type=\"section\" data-settings=\"{&quot;stretch_section&quot;:&quot;section-stretched&quot;,&quot;background_background&quot;:&quot;classic&quot;}\">\n            \n                        <div class=\"elementor-container elementor-column-gap-default \">\n                    <div class=\"elementor-column elementor-col-100 elementor-top-column elementor-element elementor-element-dd2a2d3 ct-column-none col-offset-none\" data-id=\"dd2a2d3\" data-element_type=\"column\">\n        <div class=\"elementor-widget-wrap elementor-element-populated\">\n                    \n        \t\t<div class=\"elementor-element elementor-element-89840f5 e-n-tabs-mobile elementor-widget elementor-widget-n-tabs\" data-id=\"89840f5\" data-element_type=\"widget\" data-settings=\"{&quot;tabs_justify_horizontal&quot;:&quot;center&quot;,&quot;horizontal_scroll&quot;:&quot;enable&quot;}\" data-widget_type=\"nested-tabs.default\">\n\t\t\t\t\t\t\t<div class=\"e-n-tabs\" data-widget-number=\"144195829\" aria-label=\"Pesta\u00f1as. Abre elementos con Intro o Espacio, ci\u00e9rralos con Escape y navega con las fechas.\">\n\t\t\t<div class=\"e-n-tabs-heading\" role=\"tablist\">\n\t\t\t\t\t<button id=\"e-n-tab-title-1441958291\" class=\"e-n-tab-title\" aria-selected=\"true\" data-tab-index=\"1\" role=\"tab\" tabindex=\"0\" aria-controls=\"e-n-tab-content-1441958291\" style=\"--n-tabs-title-order: 1;\">\n\t\t\t\t\t\t<span class=\"e-n-tab-title-text\">\n\t\t\t\tRevistas de Investigaci\u00f3n\t\t\t<\/span>\n\t\t<\/button>\n\t\t\t\t<button id=\"e-n-tab-title-1441958292\" class=\"e-n-tab-title\" aria-selected=\"false\" data-tab-index=\"2\" role=\"tab\" tabindex=\"-1\" aria-controls=\"e-n-tab-content-1441958292\" style=\"--n-tabs-title-order: 2;\">\n\t\t\t\t\t\t<span class=\"e-n-tab-title-text\">\n\t\t\t\tFondo Editorial\t\t\t<\/span>\n\t\t<\/button>\n\t\t\t\t\t<\/div>\n\t\t\t<div class=\"e-n-tabs-content\">\n\t\t\t\t<div id=\"e-n-tab-content-1441958291\" role=\"tabpanel\" aria-labelledby=\"e-n-tab-title-1441958291\" data-tab-index=\"1\" style=\"--n-tabs-title-order: 1;\" class=\"e-active elementor-element elementor-element-cb63f23 e-con-full e-flex e-con e-child\" data-id=\"cb63f23\" data-element_type=\"container\">\n\t\t<div class=\"elementor-element elementor-element-6e1cae4 e-con-full e-flex e-con e-child\" data-id=\"6e1cae4\" data-element_type=\"container\" data-settings=\"{&quot;background_background&quot;:&quot;slideshow&quot;,&quot;background_slideshow_gallery&quot;:[{&quot;id&quot;:10008,&quot;url&quot;:&quot;https:\\\/\\\/investigacionciencia.com\\\/UNDC\\\/portal\\\/wp-content\\\/uploads\\\/2025\\\/08\\\/rev12-scaled.png&quot;}],&quot;background_slideshow_loop&quot;:&quot;yes&quot;,&quot;background_slideshow_slide_duration&quot;:5000,&quot;background_slideshow_slide_transition&quot;:&quot;fade&quot;,&quot;background_slideshow_transition_duration&quot;:500}\">\n\t\t\t\t<div class=\"elementor-element elementor-element-c42e2d8 elementor-widget elementor-widget-spacer\" data-id=\"c42e2d8\" data-element_type=\"widget\" data-widget_type=\"spacer.default\">\n\t\t\t\t\t\t\t<div class=\"elementor-spacer\">\n\t\t\t<div class=\"elementor-spacer-inner\"><\/div>\n\t\t<\/div>\n\t\t\t\t\t\t<\/div>\n\t\t\t\t<\/div>\n\t\t<div class=\"elementor-element elementor-element-f20a7ad e-con-full e-flex e-con e-child\" data-id=\"f20a7ad\" data-element_type=\"container\">\n\t\t\t\t<div class=\"elementor-element elementor-element-6e748ad elementor-widget elementor-widget-spacer\" data-id=\"6e748ad\" data-element_type=\"widget\" data-widget_type=\"spacer.default\">\n\t\t\t\t\t\t\t<div class=\"elementor-spacer\">\n\t\t\t<div class=\"elementor-spacer-inner\"><\/div>\n\t\t<\/div>\n\t\t\t\t\t\t<\/div>\n\t\t\t\t<div class=\"elementor-element elementor-element-84aa246 elementor-widget elementor-widget-ct_showcase\" data-id=\"84aa246\" data-element_type=\"widget\" data-widget_type=\"ct_showcase.default\">\n\t\t\t\t<div class=\"elementor-widget-container\">\n\t\t\t\t\t<div class=\"ct-showcase style2 \">\r\n    <div class=\"inner-box\">\r\n        <div class=\"item-feature\">\r\n                                                    <img fetchpriority=\"high\" decoding=\"async\" width=\"1414\" height=\"2000\" src=\"https:\/\/revistas.undc.edu.pe\/inicio\/wp-content\/uploads\/2025\/08\/cover_issue_1_es_ES.png\" class=\"attachment-full\" alt=\"\" \/>            <div class=\"ct-item-links\">\r\n                                    <a class=\"link-1 btn-hover0\" href=\"https:\/\/revistas.undc.edu.pe\/index.php\/cointeci\/index\" target=\"_blank\">\r\n                        <span>Ver revista<\/span>\r\n                    <\/a>\r\n                                                            <\/div>\r\n        <\/div>\r\n        <h3 class=\"item-title\">\r\n                            CONVERGENCIA EN INNOVACI\u00d3N TECNOL\u00d3GICA Y CIENT\u00cdFICA (COINTECI)                    <\/h3>\r\n    <\/div>\r\n<\/div>\t\t\t\t<\/div>\n\t\t\t\t<\/div>\n\t\t\t\t<div class=\"elementor-element elementor-element-3fa36d3 sobre_revistas elementor-widget elementor-widget-spacer\" data-id=\"3fa36d3\" data-element_type=\"widget\" id=\"sobre_revistas\" data-widget_type=\"spacer.default\">\n\t\t\t\t\t\t\t<div class=\"elementor-spacer\">\n\t\t\t<div class=\"elementor-spacer-inner\"><\/div>\n\t\t<\/div>\n\t\t\t\t\t\t<\/div>\n\t\t\t\t<\/div>\n\t\t<div class=\"elementor-element elementor-element-3704a43 e-con-full e-flex e-con e-child\" data-id=\"3704a43\" data-element_type=\"container\">\n\t\t\t\t<div class=\"elementor-element elementor-element-3835342 elementor-widget elementor-widget-spacer\" data-id=\"3835342\" data-element_type=\"widget\" data-widget_type=\"spacer.default\">\n\t\t\t\t\t\t\t<div class=\"elementor-spacer\">\n\t\t\t<div class=\"elementor-spacer-inner\"><\/div>\n\t\t<\/div>\n\t\t\t\t\t\t<\/div>\n\t\t\t\t<div class=\"elementor-element elementor-element-5872acd elementor-widget elementor-widget-ct_showcase\" data-id=\"5872acd\" data-element_type=\"widget\" data-widget_type=\"ct_showcase.default\">\n\t\t\t\t<div class=\"elementor-widget-container\">\n\t\t\t\t\t<div class=\"ct-showcase style2 \">\r\n    <div class=\"inner-box\">\r\n        <div class=\"item-feature\">\r\n                                                <span class=\"notification\">Latindex<\/span>\r\n                                        <img decoding=\"async\" width=\"904\" height=\"1280\" src=\"https:\/\/revistas.undc.edu.pe\/inicio\/wp-content\/uploads\/2025\/08\/cover_issue_13_es_ES.jpg\" class=\"attachment-full\" alt=\"\" \/>            <div class=\"ct-item-links\">\r\n                                    <a class=\"link-1 btn-hover0\" href=\"https:\/\/revistas.undc.edu.pe\/index.php\/ric\/index\" target=\"_blank\">\r\n                        <span>Ver revista<\/span>\r\n                    <\/a>\r\n                                                    <a class=\"link-2 btn-hover0\" href=\"#\" target=\"_blank\">\r\n                        <span>Indizado en: Google Scholar<\/span>\r\n                    <\/a>\r\n                                            <\/div>\r\n        <\/div>\r\n        <h3 class=\"item-title\">\r\n                            REVISTA DE INVESTIGACI\u00d3N CA\u00d1ETANA                    <\/h3>\r\n    <\/div>\r\n<\/div>\t\t\t\t<\/div>\n\t\t\t\t<\/div>\n\t\t\t\t<\/div>\n\t\t<div class=\"elementor-element elementor-element-56a431b e-con-full e-flex e-con e-child\" data-id=\"56a431b\" data-element_type=\"container\">\n\t\t\t\t<div class=\"elementor-element elementor-element-c9fb18d elementor-widget elementor-widget-spacer\" data-id=\"c9fb18d\" data-element_type=\"widget\" data-widget_type=\"spacer.default\">\n\t\t\t\t\t\t\t<div class=\"elementor-spacer\">\n\t\t\t<div class=\"elementor-spacer-inner\"><\/div>\n\t\t<\/div>\n\t\t\t\t\t\t<\/div>\n\t\t\t\t<\/div>\n\t\t<div class=\"elementor-element elementor-element-27ed0ba e-con-full e-flex e-con e-child\" data-id=\"27ed0ba\" data-element_type=\"container\">\n\t\t\t\t<div class=\"elementor-element elementor-element-475dad0 elementor-widget elementor-widget-spacer\" data-id=\"475dad0\" data-element_type=\"widget\" data-widget_type=\"spacer.default\">\n\t\t\t\t\t\t\t<div class=\"elementor-spacer\">\n\t\t\t<div class=\"elementor-spacer-inner\"><\/div>\n\t\t<\/div>\n\t\t\t\t\t\t<\/div>\n\t\t\t\t<div class=\"elementor-element elementor-element-2b53bae elementor-widget elementor-widget-spacer\" data-id=\"2b53bae\" data-element_type=\"widget\" data-widget_type=\"spacer.default\">\n\t\t\t\t\t\t\t<div class=\"elementor-spacer\">\n\t\t\t<div class=\"elementor-spacer-inner\"><\/div>\n\t\t<\/div>\n\t\t\t\t\t\t<\/div>\n\t\t\t\t<\/div>\n\t\t\t\t<\/div>\n\t\t<div id=\"e-n-tab-content-1441958292\" role=\"tabpanel\" aria-labelledby=\"e-n-tab-title-1441958292\" data-tab-index=\"2\" style=\"--n-tabs-title-order: 2;\" class=\" elementor-element elementor-element-78e672f e-con-full e-flex e-con e-child\" data-id=\"78e672f\" data-element_type=\"container\">\n\t\t<div class=\"elementor-element elementor-element-864d70b e-con-full e-flex e-con e-child\" data-id=\"864d70b\" data-element_type=\"container\" data-settings=\"{&quot;background_background&quot;:&quot;slideshow&quot;,&quot;background_slideshow_gallery&quot;:[{&quot;id&quot;:10009,&quot;url&quot;:&quot;https:\\\/\\\/revistas.undc.edu.pe\\\/inicio\\\/wp-content\\\/uploads\\\/2025\\\/08\\\/rev13-scaled.png&quot;}],&quot;background_slideshow_loop&quot;:&quot;yes&quot;,&quot;background_slideshow_slide_duration&quot;:5000,&quot;background_slideshow_slide_transition&quot;:&quot;fade&quot;,&quot;background_slideshow_transition_duration&quot;:500}\">\n\t\t\t\t<div class=\"elementor-element elementor-element-8170e98 elementor-widget elementor-widget-spacer\" data-id=\"8170e98\" data-element_type=\"widget\" data-widget_type=\"spacer.default\">\n\t\t\t\t\t\t\t<div class=\"elementor-spacer\">\n\t\t\t<div class=\"elementor-spacer-inner\"><\/div>\n\t\t<\/div>\n\t\t\t\t\t\t<\/div>\n\t\t\t\t<\/div>\n\t\t<div class=\"elementor-element elementor-element-53a1bec e-con-full e-flex e-con e-child\" data-id=\"53a1bec\" data-element_type=\"container\">\n\t\t\t\t<div class=\"elementor-element elementor-element-f598b10 elementor-widget elementor-widget-spacer\" data-id=\"f598b10\" data-element_type=\"widget\" data-widget_type=\"spacer.default\">\n\t\t\t\t\t\t\t<div class=\"elementor-spacer\">\n\t\t\t<div class=\"elementor-spacer-inner\"><\/div>\n\t\t<\/div>\n\t\t\t\t\t\t<\/div>\n\t\t\t\t<div class=\"elementor-element elementor-element-22ddb36 elementor-widget elementor-widget-ct_showcase\" data-id=\"22ddb36\" data-element_type=\"widget\" data-widget_type=\"ct_showcase.default\">\n\t\t\t\t<div class=\"elementor-widget-container\">\n\t\t\t\t\t<div class=\"ct-showcase style2 \">\r\n    <div class=\"inner-box\">\r\n        <div class=\"item-feature\">\r\n                                                <span class=\"notification\">Latindex<\/span>\r\n                                        <img decoding=\"async\" width=\"600\" height=\"849\" src=\"https:\/\/revistas.undc.edu.pe\/inicio\/wp-content\/uploads\/2025\/08\/baner.jpg\" class=\"attachment-full\" alt=\"\" \/>            <div class=\"ct-item-links\">\r\n                                    <a class=\"link-1 btn-hover0\" href=\"http:\/\/fondoeditorial.undc.edu.pe\/\" target=\"_blank\">\r\n                        <span>Ver Fondo Editorial<\/span>\r\n                    <\/a>\r\n                                                            <\/div>\r\n        <\/div>\r\n        <h3 class=\"item-title\">\r\n                            Fondo Editorial Digital UNDC                    <\/h3>\r\n    <\/div>\r\n<\/div>\t\t\t\t<\/div>\n\t\t\t\t<\/div>\n\t\t\t\t<div class=\"elementor-element elementor-element-ad3bbae sobre_revistas elementor-widget elementor-widget-spacer\" data-id=\"ad3bbae\" data-element_type=\"widget\" data-widget_type=\"spacer.default\">\n\t\t\t\t\t\t\t<div class=\"elementor-spacer\">\n\t\t\t<div class=\"elementor-spacer-inner\"><\/div>\n\t\t<\/div>\n\t\t\t\t\t\t<\/div>\n\t\t\t\t<\/div>\n\t\t<div class=\"elementor-element elementor-element-3af5811 e-con-full e-flex e-con e-child\" data-id=\"3af5811\" data-element_type=\"container\">\n\t\t\t\t<div class=\"elementor-element elementor-element-fde32a7 elementor-widget elementor-widget-spacer\" data-id=\"fde32a7\" data-element_type=\"widget\" data-widget_type=\"spacer.default\">\n\t\t\t\t\t\t\t<div class=\"elementor-spacer\">\n\t\t\t<div class=\"elementor-spacer-inner\"><\/div>\n\t\t<\/div>\n\t\t\t\t\t\t<\/div>\n\t\t\t\t<\/div>\n\t\t<div class=\"elementor-element elementor-element-d9d7504 e-con-full e-flex e-con e-child\" data-id=\"d9d7504\" data-element_type=\"container\">\n\t\t\t\t<div class=\"elementor-element elementor-element-316de93 elementor-widget elementor-widget-spacer\" data-id=\"316de93\" data-element_type=\"widget\" data-widget_type=\"spacer.default\">\n\t\t\t\t\t\t\t<div class=\"elementor-spacer\">\n\t\t\t<div class=\"elementor-spacer-inner\"><\/div>\n\t\t<\/div>\n\t\t\t\t\t\t<\/div>\n\t\t\t\t<\/div>\n\t\t<div class=\"elementor-element elementor-element-705bc55 e-con-full e-flex e-con e-child\" data-id=\"705bc55\" data-element_type=\"container\">\n\t\t\t\t<div class=\"elementor-element elementor-element-e4b00a1 elementor-widget elementor-widget-spacer\" data-id=\"e4b00a1\" data-element_type=\"widget\" data-widget_type=\"spacer.default\">\n\t\t\t\t\t\t\t<div class=\"elementor-spacer\">\n\t\t\t<div class=\"elementor-spacer-inner\"><\/div>\n\t\t<\/div>\n\t\t\t\t\t\t<\/div>\n\t\t\t\t<div class=\"elementor-element elementor-element-4eb3842 elementor-widget elementor-widget-spacer\" data-id=\"4eb3842\" data-element_type=\"widget\" data-widget_type=\"spacer.default\">\n\t\t\t\t\t\t\t<div class=\"elementor-spacer\">\n\t\t\t<div class=\"elementor-spacer-inner\"><\/div>\n\t\t<\/div>\n\t\t\t\t\t\t<\/div>\n\t\t\t\t<\/div>\n\t\t\t\t<\/div>\n\t\t\t\t\t<\/div>\n\t\t<\/div>\n\t\t\t\t\t\t<\/div>\n\t\t            <\/div>\n        <\/div>\n                    <\/div>\n        <\/section>\n                <section class=\"elementor-section elementor-top-section elementor-element elementor-element-318d4ee elementor-section-stretched elementor-section-boxed elementor-section-height-default elementor-section-height-default ct-header-fixed-none header-none c1230-none c1350-none c1390-none c1450-none ct-column-none ct-row-scroll-none\" data-id=\"318d4ee\" data-element_type=\"section\" id=\"sobre_revistas\" data-settings=\"{&quot;stretch_section&quot;:&quot;section-stretched&quot;,&quot;background_background&quot;:&quot;classic&quot;}\">\n            \n                        <div class=\"elementor-container elementor-column-gap-default \">\n                    <div class=\"elementor-column elementor-col-100 elementor-top-column elementor-element elementor-element-189f952 ct-column-none col-offset-none\" data-id=\"189f952\" data-element_type=\"column\">\n        <div class=\"elementor-widget-wrap elementor-element-populated\">\n                    \n        \t\t<div class=\"elementor-element elementor-element-b5fd4a5 elementor-widget elementor-widget-spacer\" data-id=\"b5fd4a5\" data-element_type=\"widget\" data-widget_type=\"spacer.default\">\n\t\t\t\t\t\t\t<div class=\"elementor-spacer\">\n\t\t\t<div class=\"elementor-spacer-inner\"><\/div>\n\t\t<\/div>\n\t\t\t\t\t\t<\/div>\n\t\t\t\t<div class=\"elementor-element elementor-element-5968813 elementor-widget elementor-widget-text-editor\" data-id=\"5968813\" data-element_type=\"widget\" data-widget_type=\"text-editor.default\">\n\t\t\t\t\t\t\t\t\t<h1 class=\"col mx-auto text-center \"><span class=\"sec-h1-span\">Sobre nuestras revistas <mark style=\"color: #ffc107;\">UNDC<\/mark><\/span><\/h1>\t\t\t\t\t\t\t\t<\/div>\n\t\t\t\t<div class=\"elementor-element elementor-element-2e7052c elementor-widget elementor-widget-text-editor\" data-id=\"2e7052c\" data-element_type=\"widget\" data-widget_type=\"text-editor.default\">\n\t\t\t\t\t\t\t\t\t<p style=\"text-align: justify;\"><strong>Revistas UNDC<\/strong> es el portal oficial de revistas acad\u00e9micas de la Universidad Nacional de Ca\u00f1ete, disponible en texto completo, acceso abierto y formato digital. Este servicio busca promover la creaci\u00f3n, difusi\u00f3n, actualizaci\u00f3n y respaldo de las revistas de nuestra instituci\u00f3n, fortaleciendo la producci\u00f3n intelectual de la comunidad UNDC.<\/p><p dir=\"auto\" style=\"text-align: justify;\">Podr\u00e1n publicar en el portal grupos organizados de docentes, estudiantes, egresados e investigadores de la UNDC que cuenten con el respaldo de una unidad acad\u00e9mica, de investigaci\u00f3n o autoridad universitaria. El equipo de Revistas UNDC evaluar\u00e1 y aprobar\u00e1 la incorporaci\u00f3n de las revistas al portal, verificando el cumplimiento de los requisitos establecidos.<\/p>\t\t\t\t\t\t\t\t<\/div>\n\t\t\t\t<div class=\"elementor-element elementor-element-436fa7a elementor-widget elementor-widget-spacer\" data-id=\"436fa7a\" data-element_type=\"widget\" data-widget_type=\"spacer.default\">\n\t\t\t\t\t\t\t<div class=\"elementor-spacer\">\n\t\t\t<div class=\"elementor-spacer-inner\"><\/div>\n\t\t<\/div>\n\t\t\t\t\t\t<\/div>\n\t\t            <\/div>\n        <\/div>\n                    <\/div>\n        <\/section>\n        \t\t<\/div>\n\t\t","protected":false},"excerpt":{"rendered":"<p>PORTAL DE REVISTAS UNDC Conoce nuestras revistas Revistas de Investigaci\u00f3n Fondo Editorial Ver revista CONVERGENCIA EN INNOVACI\u00d3N TECNOL\u00d3GICA Y CIENT\u00cdFICA (COINTECI) Latindex Ver revista Indizado en: Google Scholar REVISTA DE INVESTIGACI\u00d3N CA\u00d1ETANA Latindex Ver Fondo Editorial Fondo Editorial Digital UNDC Ver revista CONVERGENCIA EN INNOVACI\u00d3N TECNOL\u00d3GICA Y CIENT\u00cdFICA (COINTECI) Latindex Ver revista Indizado en: Google [&hellip;]<\/p>\n","protected":false},"author":1,"featured_media":0,"parent":0,"menu_order":0,"comment_status":"closed","ping_status":"closed","template":"","meta":{"footnotes":""},"class_list":["post-9508","page","type-page","status-publish","hentry"],"_links":{"self":[{"href":"https:\/\/revistas.undc.edu.pe\/inicio\/index.php\/wp-json\/wp\/v2\/pages\/9508","targetHints":{"allow":["GET"]}}],"collection":[{"href":"https:\/\/revistas.undc.edu.pe\/inicio\/index.php\/wp-json\/wp\/v2\/pages"}],"about":[{"href":"https:\/\/revistas.undc.edu.pe\/inicio\/index.php\/wp-json\/wp\/v2\/types\/page"}],"author":[{"embeddable":true,"href":"https:\/\/revistas.undc.edu.pe\/inicio\/index.php\/wp-json\/wp\/v2\/users\/1"}],"replies":[{"embeddable":true,"href":"https:\/\/revistas.undc.edu.pe\/inicio\/index.php\/wp-json\/wp\/v2\/comments?post=9508"}],"version-history":[{"count":293,"href":"https:\/\/revistas.undc.edu.pe\/inicio\/index.php\/wp-json\/wp\/v2\/pages\/9508\/revisions"}],"predecessor-version":[{"id":10105,"href":"https:\/\/revistas.undc.edu.pe\/inicio\/index.php\/wp-json\/wp\/v2\/pages\/9508\/revisions\/10105"}],"wp:attachment":[{"href":"https:\/\/revistas.undc.edu.pe\/inicio\/index.php\/wp-json\/wp\/v2\/media?parent=9508"}],"curies":[{"name":"wp","href":"https:\/\/api.w.org\/{rel}","templated":true}]}}